{"id":458,"date":"2020-05-01T11:10:36","date_gmt":"2020-05-01T11:10:36","guid":{"rendered":"https:\/\/sinfretiba.com.br\/?page_id=458"},"modified":"2021-03-12T15:01:26","modified_gmt":"2021-03-12T15:01:26","slug":"home-1-2","status":"publish","type":"page","link":"https:\/\/sinfretiba.com.br\/?page_id=458","title":{"rendered":"Fretamento"},"content":{"rendered":"<p><section class=\"kc-elm kc-css-917268 kc_row\"><div class=\"kc-row-container\"><div class=\"kc-wrap-columns\"><div class=\"kc-elm kc-css-246856 kc_col-sm-12 kc_column kc_col-sm-12\"><div class=\"kc-col-container\">\n<div class=\"widget-revslider \">\n\t\n\t\t\t<!-- START Slider 1 11 REVOLUTION SLIDER 6.6.13 --><p class=\"rs-p-wp-fix\"><\/p>\n\t\t\t<rs-module-wrap id=\"rev_slider_4_1_wrapper\" data-source=\"gallery\" style=\"visibility:hidden;background:transparent;padding:0;margin:0px auto;margin-top:0;margin-bottom:0;\">\n\t\t\t\t<rs-module id=\"rev_slider_4_1\" class=\" rs-ov-hidden\" style=\"\" data-version=\"6.6.13\">\n\t\t\t\t\t<rs-slides style=\"overflow: hidden; position: absolute;\">\n\t\t\t\t\t\t<rs-slide style=\"position: absolute;\" data-key=\"rs-21\" data-title=\"Slide\" data-anim=\"ms:600;r:0;\" data-in=\"o:0;\" data-out=\"a:false;\">\n\t\t\t\t\t\t\t<img src=\"\/\/sinfretiba.com.br\/wp-content\/plugins\/revslider\/public\/assets\/assets\/dummy.png\" alt=\"\" title=\"Sem Ti\u0301tulo-1 c\u00f3pia\" width=\"3290\" height=\"293\" class=\"rev-slidebg tp-rs-img rs-lazyload\" data-lazyload=\"\/\/sinfretiba.com.br\/wp-content\/uploads\/2020\/06\/Sem-Ti\u0301tulo-1-c\u00f3pia.png\" data-no-retina>\n<!--\n\t\t\t\t\t\t\t--><rs-layer\n\t\t\t\t\t\t\t\tid=\"slider-4-slide-21-layer-7\" \n\t\t\t\t\t\t\t\tdata-type=\"text\"\n\t\t\t\t\t\t\t\tdata-color=\"#0c0c0c\"\n\t\t\t\t\t\t\t\tdata-rsp_ch=\"on\"\n\t\t\t\t\t\t\t\tdata-xy=\"xo:235px,299px,390px,33px;yo:377px,554px,447px,169px;\"\n\t\t\t\t\t\t\t\tdata-text=\"s:17,14,13,12;l:22,19,18,15;a:center;\"\n\t\t\t\t\t\t\t\tdata-dim=\"w:auto,auto,auto,419px;h:69px,60px,105px,auto;\"\n\t\t\t\t\t\t\t\tdata-frame_1=\"x:-265px,-231px,-227px,0px;y:-176px,-154px,-152px,0px;\"\n\t\t\t\t\t\t\t\tdata-frame_999=\"o:0;st:w;sR:7540;\"\n\t\t\t\t\t\t\t\tstyle=\"z-index:11;font-family:'Roboto';\"\n\t\t\t\t\t\t\t> \n\t\t\t\t\t\t\t<\/rs-layer><!--\n-->\t\t\t\t\t\t<\/rs-slide>\n\t\t\t\t\t<\/rs-slides>\n\t\t\t\t<\/rs-module>\n\t\t\t\t<script>\n\t\t\t\t\tsetREVStartSize({c: 'rev_slider_4_1',rl:[1240,1024,778,480],el:[85,100,90,90],gw:[1170,1024,778,480],gh:[85,100,90,90],type:'standard',justify:'',layout:'fullwidth',mh:\"0\"});if (window.RS_MODULES!==undefined && window.RS_MODULES.modules!==undefined && window.RS_MODULES.modules[\"revslider41\"]!==undefined) {window.RS_MODULES.modules[\"revslider41\"].once = false;window.revapi4 = undefined;if (window.RS_MODULES.checkMinimal!==undefined) window.RS_MODULES.checkMinimal()}\n\t\t\t\t<\/script>\n\t\t\t<\/rs-module-wrap>\n\t\t\t<!-- END REVOLUTION SLIDER -->\n<\/div><\/div><\/div><\/div><\/div><\/section><section class=\"kc-elm kc-css-851577 kc_row\"><div class=\"kc-row-container  kc-container\"><div class=\"kc-wrap-columns\"><div class=\"kc-elm kc-css-508325 kc_col-sm-12 kc_column kc_col-sm-12\"><div class=\"kc-col-container\"><div class=\"kc-elm kc-css-267222 kc_row kc_row_inner\"><div class=\"kc-elm kc-css-753363 kc_col-sm-12 kc_column_inner kc_col-sm-12\"><div class=\"kc_wrapper kc-col-inner-container\"><div class=\"kc-elm kc-css-967367 kc_text_block\"><\/p>\n<h3 class=\"widget-title\">FRETAMENTO<\/h3>\n<p>O Transporte por Fretamento surgiu no final da d\u00e9cada de 50 na regi\u00e3o do ABC, no Estado de S\u00e3o Paulo, fomentado principalmente pela forte industrializa\u00e7\u00e3o na regi\u00e3o por conta da necessidade de as empresas transportarem seus funcion\u00e1rios. Hoje, o servi\u00e7o est\u00e1 presente em todo o pa\u00eds nos mais diversos segmentos.<\/p>\n<p>O fretamento \u00e9 destinado \u00e0 condu\u00e7\u00e3o de um grupo definido de pessoas, com contrato espec\u00edfico, sem cobran\u00e7a individual de passageiros, n\u00e3o tendo car\u00e1ter de servi\u00e7o aberto e divide-se em duas modalidades: <\/p>\n<p>\n<\/div><\/div><\/div><\/div><div class=\"kc-elm kc-css-285875 kc_row kc_row_inner\"><div class=\"kc-elm kc-css-748318 kc_col-sm-6 kc_column_inner kc_col-sm-6\"><div class=\"kc_wrapper kc-col-inner-container\"><div class=\"kc-elm kc-css-897012 kc_accordion_wrapper\">\n<div class=\"kc-elm kc-css-952590 kc_accordion_section group \"><h3 class=\"kc_accordion_header ui-accordion-header\"><span class=\"ui-accordion-header-icon ui-icon\"><\/span><a href=\"#fretamento-continuo\" data-prevent=\"scroll\"><i class=\"fa-bus\"><\/i> Fretamento cont\u00ednuo <\/a><\/h3><div class=\"kc_accordion_content ui-accordion-content kc_clearfix\"><div class=\"kc-panel-body\"><div class=\"kc-elm kc-css-113191 kc_text_block\"><\/p>\n<p><em>\u00c9 o servi\u00e7o de transporte de passageiros prestado por pessoa jur\u00eddica, mediante contrato escrito, para um determinado n\u00famero de viagens, destinado ao transporte de usu\u00e1rios definidos. Envolve o transporte para ind\u00fastria, shopping center, executivos, escolas, zona rural, entre outros.<\/em><\/p>\n<p>\n<\/div><\/div><\/div><\/div><\/div>\n<\/div><\/div><div class=\"kc-elm kc-css-253011 kc_col-sm-6 kc_column_inner kc_col-sm-6\"><div class=\"kc_wrapper kc-col-inner-container\"><div class=\"kc-elm kc-css-292338 kc_accordion_wrapper\">\n<div class=\"kc-elm kc-css-936210 kc_accordion_section group \"><h3 class=\"kc_accordion_header ui-accordion-header\"><span class=\"ui-accordion-header-icon ui-icon\"><\/span><a href=\"#fretamento-eventual\" data-prevent=\"scroll\"><i class=\"fa-bus\"><\/i> Fretamento eventual <\/a><\/h3><div class=\"kc_accordion_content ui-accordion-content kc_clearfix\"><div class=\"kc-panel-body\"><div class=\"kc-elm kc-css-261558 kc_text_block\"><\/p>\n<p><em>\u00c9 um servi\u00e7o de transporte passageiros prestado a um cliente ou grupo de cliente, mediante contrato escrito, para uma viagem com finalidades espec\u00edficas ou tur\u00edsticas. Podemos destacar o transporte de excurs\u00f5es e viagens de turismo, turismo religioso, city tours, passeios culturais entre outros.<\/em><\/p>\n<p>\n<\/div><\/div><\/div><\/div><\/div>\n<\/div><\/div><\/div><div class=\"kc-elm kc-css-381561 kc_text_block\"><\/p>\n<h3 class=\"widget-title\">\u00d3RG\u00c3OS COMPETENTES<\/h3>\n<p>Qualquer modalidade de fretamento pode ser feita no \u00e2mbito Municipal, Intermunicipal, Metropolitano, Interestadual e Internacional. Em cada uma dessas \u00e1reas h\u00e1 um poder concedente que regulamenta e fiscaliza o servi\u00e7o, a saber:<\/p>\n<p><strong>ANTT- Ag\u00eancia Nacional de Transportes Terrestres<\/strong><br \/>Respons\u00e1vel pela autoriza\u00e7\u00e3o de viagens interestaduais e internacionais.<\/p>\n<p><strong>DER \u2013 PR \u2013 Departamento de Estradas de Rodagem<\/strong><br \/>Respons\u00e1vel pela autoriza\u00e7\u00e3o de viagens Intermunicipal (Paran\u00e1).<\/p>\n<p><strong>URBS \u2013 Urbaniza\u00e7\u00e3o de Curitiba<\/strong><br \/>Respons\u00e1vel pelo transporte fretado Municipal (Curitiba).<\/p>\n<p>Portanto, uma empresa de fretamento dever\u00e1 ter registro nos diversos poderes concedentes, conforme sua \u00e1rea de atua\u00e7\u00e3o.<\/p>\n<p>Para registrar uma empresa \u00e9 preciso cumprir uma s\u00e9rie de exig\u00eancias com rela\u00e7\u00e3o \u00e0 regularidade fiscal, capacidade econ\u00f4mica, t\u00e9cnica e operacional. Todos os ve\u00edculos s\u00e3o submetidos periodicamente a vistorias de seguran\u00e7a. As equipes de trabalho s\u00e3o constantemente treinadas, especificamente os motoristas, que para exercer atividade profissional, tamb\u00e9m por for\u00e7a de lei, s\u00e3o submetidos a peri\u00f3dicos de profissionaliza\u00e7\u00e3o e atualiza\u00e7\u00e3o, tais como: dire\u00e7\u00e3o defensiva, primeiros socorros, dire\u00e7\u00e3o econ\u00f4mica, procedimentos de seguran\u00e7a, entre outros.<\/p>\n<p>\n<\/div><\/div><\/div><\/div><\/div><\/section><section class=\"kc-elm kc-css-242185 kc_row\"><div class=\"kc-row-container  kc-container\"><div class=\"kc-wrap-columns\"><div class=\"kc-elm kc-css-389783 kc_col-sm-12 kc_column kc_col-sm-12\"><div class=\"kc-col-container\"><div class=\"kc-elm kc-css-5257 kc_row kc_row_inner\"><div class=\"kc-elm kc-css-524669 kc_col-sm-6 kc_column_inner kc_col-sm-6\"><div class=\"kc_wrapper kc-col-inner-container\"><div class=\"kc-elm kc-css-661084 kc_accordion_wrapper\">\n<div class=\"kc-elm kc-css-679066 kc_accordion_section group \"><h3 class=\"kc_accordion_header ui-accordion-header\"><span class=\"ui-accordion-header-icon ui-icon\"><\/span><a href=\"#mobilidade\" data-prevent=\"scroll\"><i class=\"fa-bus\"><\/i>  Mobilidade<\/a><\/h3><div class=\"kc_accordion_content ui-accordion-content kc_clearfix\"><div class=\"kc-panel-body\"><div class=\"kc-elm kc-css-496676 kc_text_block\"><\/p>\n<p><em>\u00c9 o servi\u00e7o de transporte de passageiros prestado por pessoa jur\u00eddica, mediante contrato escrito, para um determinado n\u00famero de viagens, destinado ao transporte de usu\u00e1rios definidos. Envolve o transporte para ind\u00fastria, shopping center, executivos, escolas, zona rural, entre outros.<\/em><\/p>\n<p>\n<\/div><\/div><\/div><\/div><div class=\"kc-elm kc-css-813145 kc_accordion_section group \"><h3 class=\"kc_accordion_header ui-accordion-header\"><span class=\"ui-accordion-header-icon ui-icon\"><\/span><a href=\"#seguranca\" data-prevent=\"scroll\"><i class=\"sl-emotsmile\"><\/i> Seguran\u00e7a<\/a><\/h3><div class=\"kc_accordion_content ui-accordion-content kc_clearfix\"><div class=\"kc-panel-body\"><div class=\"kc-elm kc-css-438902 kc_text_block\"><\/p>\n<p><em>Funcion\u00e1rios s\u00e3o transportados com seguran\u00e7a e evita custos com tratamento ou aus\u00eancia<\/em><\/p>\n<p>\n<\/div><\/div><\/div><\/div><div class=\"kc-elm kc-css-775037 kc_accordion_section group \"><h3 class=\"kc_accordion_header ui-accordion-header\"><span class=\"ui-accordion-header-icon ui-icon\"><\/span><a href=\"#produtividade\" data-prevent=\"scroll\"><i class=\"fa-briefcase\"><\/i>  Produtividade<\/a><\/h3><div class=\"kc_accordion_content ui-accordion-content kc_clearfix\"><div class=\"kc-panel-body\"><div class=\"kc-elm kc-css-684193 kc_text_block\"><\/p>\n<p><em>Sem estresse no tr\u00e2nsito funcion\u00e1rios conseguem desempenhar melhor a fun\u00e7\u00e3o<\/em><\/p>\n<p>\n<\/div><\/div><\/div><\/div><\/div>\n<\/div><\/div><div class=\"kc-elm kc-css-972119 kc_col-sm-6 kc_column_inner kc_col-sm-6\"><div class=\"kc_wrapper kc-col-inner-container\"><div class=\"kc-elm kc-css-285489 kc_accordion_wrapper\">\n<div class=\"kc-elm kc-css-78436 kc_accordion_section group \"><h3 class=\"kc_accordion_header ui-accordion-header\"><span class=\"ui-accordion-header-icon ui-icon\"><\/span><a href=\"#pontualidade\" data-prevent=\"scroll\"><i class=\"fa-hourglass-half\"><\/i> Pontualidade<\/a><\/h3><div class=\"kc_accordion_content ui-accordion-content kc_clearfix\"><div class=\"kc-panel-body\"><div class=\"kc-elm kc-css-392477 kc_text_block\"><\/p>\n<p><em>Funcion\u00e1rios chegam no hor\u00e1rio e n\u00e3o h\u00e1 atrasos no in\u00edcio das atividades<\/em><\/p>\n<p>\n<\/div><\/div><\/div><\/div><div class=\"kc-elm kc-css-928184 kc_accordion_section group \"><h3 class=\"kc_accordion_header ui-accordion-header\"><span class=\"ui-accordion-header-icon ui-icon\"><\/span><a href=\"#estacionamento\" data-prevent=\"scroll\"><i class=\"fa-car\"><\/i> Estacionamento<\/a><\/h3><div class=\"kc_accordion_content ui-accordion-content kc_clearfix\"><div class=\"kc-panel-body\"><div class=\"kc-elm kc-css-473047 kc_text_block\"><\/p>\n<p><em>Evita gastos e preocupa\u00e7\u00e3o em ter espa\u00e7os para estacionar carros<\/em><\/p>\n<p>\n<\/div><\/div><\/div><\/div><div class=\"kc-elm kc-css-119150 kc_accordion_section group \"><h3 class=\"kc_accordion_header ui-accordion-header\"><span class=\"ui-accordion-header-icon ui-icon\"><\/span><a href=\"#absenteismo\" data-prevent=\"scroll\"><i class=\"sl-people\"><\/i> Absente\u00edsmo <\/a><\/h3><div class=\"kc_accordion_content ui-accordion-content kc_clearfix\"><div class=\"kc-panel-body\"><div class=\"kc-elm kc-css-228796 kc_text_block\"><\/p>\n<p><em>Impende aus\u00eancia por falta de transporte<\/em><\/p>\n<p>\n<\/div><\/div><\/div><\/div><div class=\"kc-elm kc-css-85876 kc_accordion_section group \"><h3 class=\"kc_accordion_header ui-accordion-header\"><span class=\"ui-accordion-header-icon ui-icon\"><\/span><a href=\"#mao-de-obra\" data-prevent=\"scroll\"><i class=\"fa-hand-holding\"><\/i> M\u00e3o de Obra <\/a><\/h3><div class=\"kc_accordion_content ui-accordion-content kc_clearfix\"><div class=\"kc-panel-body\"><div class=\"kc-elm kc-css-206055 kc_text_block\"><\/p>\n<p><em>Permite buscar m\u00e3o de obra qualificada em locais mais distantes.<\/em><\/p>\n<p>\n<\/div><\/div><\/div><\/div><\/div>\n<\/div><\/div><\/div><\/div><\/div><\/div><\/div><\/section><section class=\"kc-elm kc-css-234472 kc_row\"><div class=\"kc-row-container  kc-container\"><div class=\"kc-wrap-columns\"><div class=\"kc-elm kc-css-743439 kc_col-sm-12 kc_column kc_col-sm-12\"><div class=\"kc-col-container\"><div class=\"kc-elm kc-css-503449 kc_row kc_row_inner\"><div class=\"kc-elm kc-css-275005 kc_col-sm-6 kc_column_inner kc_col-sm-6\"><div class=\"kc_wrapper kc-col-inner-container\"><div class=\"kc-elm kc-css-437529 kc_accordion_wrapper\">\n<div class=\"kc-elm kc-css-480481 kc_accordion_section group \"><h3 class=\"kc_accordion_header ui-accordion-header\"><span class=\"ui-accordion-header-icon ui-icon\"><\/span><a href=\"#empresa-autorizada\" data-prevent=\"scroll\"><i class=\"mn-icon-7\"><\/i> Empresa Autorizada<\/a><\/h3><div class=\"kc_accordion_content ui-accordion-content kc_clearfix\"><div class=\"kc-panel-body\"><div class=\"kc-elm kc-css-341586 kc_text_block\"><\/p>\n<p><em><strong>Possui garagem e faz manuten\u00e7\u00f5es peri\u00f3dicas<\/strong> -preventivas, atrav\u00e9s de mec\u00e2nicos especializados;<\/em><\/p>\n<p><em>-Regularidade jur\u00eddica-econ\u00f4mica-financeira comprovada por documenta\u00e7\u00e3o;<\/em><\/p>\n<p><em>&#8211;<strong>Processos modernos e atendimento ao cliente<\/strong> atrav\u00e9s de funcion\u00e1rios capacitados;<\/em><\/p>\n<p><em>&#8211;<strong>Frota moderna, tecnologicamente avan\u00e7ada e revisada<\/strong> segundo exig\u00eancias de fiscaliza\u00e7\u00e3o e padr\u00f5es de qualidade das montadoras;<\/em><\/p>\n<p><em>&#8211;<strong>Mant\u00e9m ve\u00edculos-reservas para eventualidades<\/strong>;<\/em><\/p>\n<p><em>&#8211;<strong>Motoristas profissionais selecionados rigorosamente<\/strong> com treinamentos reguladores e exames de sa\u00fade peri\u00f3dicos;<\/em><\/p>\n<p><em>&#8211;<strong>Empresa que presta servi\u00e7os para v\u00e1rios segmentos,<\/strong> <strong>economicamente s\u00f3lida e com responsabilidade social,<\/strong> plenamente capacitada para o transporte rodovi\u00e1rio de passageiros sob regime de fretamento;<\/em><\/p>\n<p><em>&#8211;<strong>Garante o servi\u00e7o que presta e estabelece em contratos formais<\/strong> suas responsabilidades baseadas nos c\u00f3digos Civil e do Consumidor;<\/em><\/p>\n<p><em>&#8211;<strong>Filiada \u00e0 entidades sindicais e \u00f3rg\u00e3os fiscalizadores<\/strong> para o efetivo cumprimento da legisla\u00e7\u00e3o. Emitem nota fiscal, recolhem impostos e geram mais empregos;<\/em><\/p>\n<p><em>-Valoriza o cliente e suas necessidades principais, como <strong>SEGURAN\u00c7A, CONFORTO, PONTUALIDADE, CORTESIA e PROFISSIONALISMO<\/strong>, agregando valor ao servi\u00e7o;<\/em><\/p>\n<p><em>&#8211;<strong>Mant\u00e9m ap\u00f3lice de seguro de responsabilidade civil<\/strong> para assegurar o passageiro contratante.<\/em><\/p>\n<p>\n<\/div><\/div><\/div><\/div><\/div>\n<\/div><\/div><div class=\"kc-elm kc-css-239304 kc_col-sm-6 kc_column_inner kc_col-sm-6\"><div class=\"kc_wrapper kc-col-inner-container\"><div class=\"kc-elm kc-css-688187 kc_accordion_wrapper\">\n<div class=\"kc-elm kc-css-967307 kc_accordion_section group \"><h3 class=\"kc_accordion_header ui-accordion-header\"><span class=\"ui-accordion-header-icon ui-icon\"><\/span><a href=\"#empresa-nao-utorizada\" data-prevent=\"scroll\"><i class=\"mn-icon-9\"><\/i> Empresa N\u00e3o-utorizada<\/a><\/h3><div class=\"kc_accordion_content ui-accordion-content kc_clearfix\"><div class=\"kc-panel-body\"><div class=\"kc-elm kc-css-870760 kc_text_block\"><\/p>\n<p><em><strong>&#8211; Estaciona e conserta os ve\u00edculos na rua<\/strong>, despejando res\u00edduos e sujando o ambiente. Utiliza pneus \u201ccarecas\" ou com recapagem duvidosa, comprometendo a seguran\u00e7a dos passageiros;<\/em><\/p>\n<p><em>&#8211;<strong>Funcionamento na clandestinidade;<\/strong><\/em><br \/><em>&#8211;<strong>Atendimento \u201ccaseiro\u201d,<\/strong> o propriet\u00e1rio do ve\u00edculo executa v\u00e1rias outras fun\u00e7\u00f5es inclusive dirigir o ve\u00edculo comprometendo assim a qualidade do servi\u00e7o;<\/em><\/p>\n<p><em>&#8211;<strong>Ve\u00edculos desgastados com muitos anos de uso<\/strong>, com tecnologia obsoleta. Possui in\u00fameras quebras durante o servi\u00e7o e n\u00e3o tem \u00f4nibus reserva;<\/em><\/p>\n<p><em>&#8211;<strong>Motorista sem preparo e forma\u00e7\u00e3o como condutores<\/strong>, contratados como \u201cfreelancers\u201d, aut\u00f4nomos ou agregados;<\/em><\/p>\n<p><em>&#8211;<strong>Grande vulnerabilidade econ\u00f4mica e desconhecimento t\u00e9cnico<\/strong> para atua\u00e7\u00e3o no transporte rodovi\u00e1rio de passageiros;<\/em><\/p>\n<p><em>&#8211;<strong>Atendimento verbal e sem contrato<\/strong>. Usa formul\u00e1rios de \u201cpapelaria\u201d;<\/em><\/p>\n<p><em>&#8211;<strong>Falta de compromisso com a regulamenta\u00e7\u00e3o<\/strong>, aus\u00eancia de documenta\u00e7\u00e3o e atua\u00e7\u00e3o dom\u00e9stica. Nem sempre emitem nota fiscal;<\/em><\/p>\n<p><em>&#8211;<strong>Atende ao cliente dentro das limita\u00e7\u00f5es de seus recursos<\/strong>, oferecendo o pre\u00e7o menor como \u00fanica vantagem;<\/em><\/p>\n<p><em><strong>-N\u00e3o possui recursos financeiros<\/strong> para dar essa garantia ao cliente.<strong><br \/><\/strong><\/em><\/p>\n<p>\n<\/div><\/div><\/div><\/div><\/div>\n<\/div><\/div><\/div><\/div><\/div><\/div><\/div><\/section><\/p>\n","protected":false},"excerpt":{"rendered":"","protected":false},"author":1,"featured_media":0,"parent":10,"menu_order":0,"comment_status":"closed","ping_status":"closed","template":"","meta":[],"_links":{"self":[{"href":"https:\/\/sinfretiba.com.br\/index.php?rest_route=\/wp\/v2\/pages\/458"}],"collection":[{"href":"https:\/\/sinfretiba.com.br\/index.php?rest_route=\/wp\/v2\/pages"}],"about":[{"href":"https:\/\/sinfretiba.com.br\/index.php?rest_route=\/wp\/v2\/types\/page"}],"author":[{"embeddable":true,"href":"https:\/\/sinfretiba.com.br\/index.php?rest_route=\/wp\/v2\/users\/1"}],"replies":[{"embeddable":true,"href":"https:\/\/sinfretiba.com.br\/index.php?rest_route=%2Fwp%2Fv2%2Fcomments&post=458"}],"version-history":[{"count":19,"href":"https:\/\/sinfretiba.com.br\/index.php?rest_route=\/wp\/v2\/pages\/458\/revisions"}],"predecessor-version":[{"id":642,"href":"https:\/\/sinfretiba.com.br\/index.php?rest_route=\/wp\/v2\/pages\/458\/revisions\/642"}],"up":[{"embeddable":true,"href":"https:\/\/sinfretiba.com.br\/index.php?rest_route=\/wp\/v2\/pages\/10"}],"wp:attachment":[{"href":"https:\/\/sinfretiba.com.br\/index.php?rest_route=%2Fwp%2Fv2%2Fmedia&parent=458"}],"curies":[{"name":"wp","href":"https:\/\/api.w.org\/{rel}","templated":true}]}}